{"id":55,"date":"2023-06-03T15:50:15","date_gmt":"2023-06-03T13:50:15","guid":{"rendered":"https:\/\/vsch.velosportcyclohyerois.com\/blog\/?page_id=55"},"modified":"2025-04-25T09:38:03","modified_gmt":"2025-04-25T07:38:03","slug":"le-mot-de-notre-president","status":"publish","type":"page","link":"https:\/\/vsch.velosportcyclohyerois.com\/blog\/","title":{"rendered":"Le mot de notre Pr\u00e9sident"},"content":{"rendered":"\n<p style=\"text-align: justify;\">Le V\u00e9lo Sport Cyclo Hy\u00e9rois vous souhaite la bienvenue \u00e0 Hy\u00e8res\u00a0!<\/p>\n<p style=\"text-align: justify;\">Venez profiter de l\u2019ensoleillement exceptionnel de la C\u00f4te d\u2019Azur afin de d\u00e9couvrir, en notre compagnie, les routes du littoral et les petits cols de l\u2019arri\u00e8re-pays varois, sur des parcours s\u2019\u00e9chelonnant de 30 \u00e0 160 km dans le massif des Maures.<\/p>\n<p style=\"text-align: justify;\">Vous y trouverez, j\u2019en suis certain, un groupe dans lequel vous pourrez vous exprimer. Nos sympathiques adh\u00e9rents se feront ainsi un plaisir de vous guider pour des randonn\u00e9es familiales, dans la plus pure tradition du cyclotourisme, mais \u00e9galement plus sportives pour celles et ceux qui le d\u00e9sireraient.<\/p>\n<p style=\"text-align: justify;\">Notre club, fort d\u2019une grosse centaine de licenci\u00e9s, pourra \u00e9galement vous proposer des balades dans les collines alentours avec sa section VTT, le tout dans la convivialit\u00e9 et la bonne humeur.<\/p>\n<p style=\"text-align: justify;\">Vous pourrez \u00e9galement go\u00fbter aux joies de l\u2019organisation de 2 concentrations, d\u2019une randonn\u00e9e cyclo et Gravel \u00ab\u00a0<em>La Hy\u00e9roise<\/em>\u00a0\u00bb et de 2 s\u00e9jours propos\u00e9s aux adh\u00e9rents de la FFV\u00e9lo. Tout cela sans compter les manifestations \u00ab\u00a0<em>made in VSCH<\/em>\u00a0\u00bb, r\u00e9serv\u00e9es \u00e0 nos licenci\u00e9s, qui peuvent \u00eatre propos\u00e9es tout au long de l\u2019ann\u00e9e.<\/p>\n<p style=\"text-align: justify;\">Et si vous vous sentez l\u2019\u00e2me d\u2019un b\u00e9n\u00e9vole investi, le Comit\u00e9 Directeur du VSCH aura toujours besoin de bonnes volont\u00e9s et d\u2019aide pour rendre notre club encore plus dynamique qu\u2019il ne l\u2019est d\u00e9j\u00e0\u00a0!\u00a0\ud83d\ude0a<\/p>\n<p style=\"text-align: justify;\">A bient\u00f4t \u00e0 Hy\u00e8res avec le V\u00e9lo Sport Cyclo Hy\u00e9rois !<\/p>\n\n\n\n<p><\/p>\n","protected":false},"excerpt":{"rendered":"<p>Le V\u00e9lo Sport Cyclo Hy\u00e9rois vous souhaite la bienvenue \u00e0 Hy\u00e8res\u00a0! Venez profiter de l\u2019ensoleillement exceptionnel de la C\u00f4te d\u2019Azur afin de d\u00e9couvrir, en notre compagnie, les routes du littoral et les petits cols de l\u2019arri\u00e8re-pays varois, sur des parcours s\u2019\u00e9chelonnant de 30 \u00e0 160 km dans le massif des Maures. Vous y trouverez, j\u2019en [&hellip;]<\/p>\n","protected":false},"author":1,"featured_media":0,"parent":0,"menu_order":0,"comment_status":"closed","ping_status":"closed","template":"","meta":{"footnotes":""},"class_list":["post-55","page","type-page","status-publish","hentry"],"_links":{"self":[{"href":"https:\/\/vsch.velosportcyclohyerois.com\/blog\/wp-json\/wp\/v2\/pages\/55","targetHints":{"allow":["GET"]}}],"collection":[{"href":"https:\/\/vsch.velosportcyclohyerois.com\/blog\/wp-json\/wp\/v2\/pages"}],"about":[{"href":"https:\/\/vsch.velosportcyclohyerois.com\/blog\/wp-json\/wp\/v2\/types\/page"}],"author":[{"embeddable":true,"href":"https:\/\/vsch.velosportcyclohyerois.com\/blog\/wp-json\/wp\/v2\/users\/1"}],"replies":[{"embeddable":true,"href":"https:\/\/vsch.velosportcyclohyerois.com\/blog\/wp-json\/wp\/v2\/comments?post=55"}],"version-history":[{"count":4,"href":"https:\/\/vsch.velosportcyclohyerois.com\/blog\/wp-json\/wp\/v2\/pages\/55\/revisions"}],"predecessor-version":[{"id":1494,"href":"https:\/\/vsch.velosportcyclohyerois.com\/blog\/wp-json\/wp\/v2\/pages\/55\/revisions\/1494"}],"wp:attachment":[{"href":"https:\/\/vsch.velosportcyclohyerois.com\/blog\/wp-json\/wp\/v2\/media?parent=55"}],"curies":[{"name":"wp","href":"https:\/\/api.w.org\/{rel}","templated":true}]}}